{"id":1126,"date":"2018-10-18T17:19:27","date_gmt":"2018-10-18T15:19:27","guid":{"rendered":"https:\/\/dittaweb.it\/wpdw\/?page_id=1126"},"modified":"2020-01-06T19:39:55","modified_gmt":"2020-01-06T18:39:55","slug":"privacy-policy","status":"publish","type":"page","link":"https:\/\/dittaweb.it\/wpdw\/index.php\/privacy-policy\/","title":{"rendered":"Privacy Policy"},"content":{"rendered":"<h3>PRIVACY POLICY<\/h3>\n<p>Il nuovo regolamento nell&#8217;Unione europea, denominato regolamento generale sulla protezione dei dati UE 2016\/679 (\u201cGDPR\u201d) \u00e8 entrato in vigore il 25 maggio 2018. Fornisce linee guida rigorose e specifiche su come i dati personali vengono raccolti e gestiti. Ci\u00f2 riguarda anche le societ\u00e0 e le persone che risiedono al di fuori dell&#8217;Unione Europea ma raccolgono dati dai cittadini dell&#8217;UE.<\/p>\n<h3>CHI SIAMO<\/h3>\n<\/p>\n<div class=\"table-1\">\n<table width=\"100%\">\n<thead>\n<tr>\n<th align=\"left\">Informazioni societarie<\/th>\n<th align=\"left\"><\/th>\n<\/tr>\n<\/thead>\n<tbody>\n<tr>\n<td align=\"left\">Titolare<\/td>\n<td align=\"left\">Sargo Societ\u00e0 Cooperativa<\/td>\n<\/tr>\n<tr>\n<td align=\"left\">Indirizzo sede legale<\/td>\n<td align=\"left\">Via Calamandrei, 54 &#8211; 52100 Arezzo<\/td>\n<\/tr>\n<tr>\n<td align=\"left\">Partita iva<\/td>\n<td align=\"left\">02082240512<\/td>\n<\/tr>\n<tr>\n<td align=\"left\">Responsabile trattamento dati personali<\/td>\n<td align=\"left\">Paolo Tintori<\/td>\n<\/tr>\n<tr>\n<td align=\"left\">Indirizzo sito web<\/td>\n<td align=\"left\">www.sargo.it<\/td>\n<\/tr>\n<tr>\n<td align=\"left\">Indirizzo mail<\/td>\n<td align=\"left\">Info@sargo.it<\/td>\n<\/tr>\n<tr>\n<td align=\"left\">Numero telefonico<\/td>\n<td align=\"left\">+39 0583 1646122<\/td>\n<\/tr>\n<\/tbody>\n<\/table>\n<\/div>\n<p style=\"text-align: justify;\">\n<h3>Quali dati personali raccogliamo?<\/h3>\n<p>Quando usi i nostri servizi, accetti che la nostra societ\u00e0 raccolga alcuni tuoi dati personali. Trattiamo due tipi di dati:<\/p>\n<ol>\n<li>dati personali forniti dall&#8217;utente per l&#8217;utilizzo dei nostri servizi<\/li>\n<li>dati tecnici che raccogliamo automaticamente per migliorare il servizio che ti diamo.<\/li>\n<\/ol>\n<h4><strong>Dati forniti dall&#8217;utente<\/strong><\/h4>\n<p style=\"padding-left: 30px;\"><strong>a) Modulo di contatto &#8211; newsletter<\/strong><\/p>\n<p>Con questa applicazione raccogliamo i seguenti dati:<\/p>\n<ul>\n<li>Il tuo nome (dato obbligatorio)<\/li>\n<li>Il tuo telefono<\/li>\n<li>La tua email (dato obbligatorio)<\/li>\n<li>Oggetto<\/li>\n<li>Quando preferisci ricevere il nostro contatto? (Sera, ore pasti&#8230;)<\/li>\n<li>Il tuo messaggio (dato obbligatorio)<\/li>\n<\/ul>\n<p>Se fornisci dati personali di terzi, come ad esempio quelli dei tuoi familiari o amici, devi essere sicuro che questi soggetti siano stati adeguatamente informati e abbiano acconsentito al relativo trattamento nelle modalit\u00e0 descritte dalla presente informativa.<\/p>\n<p>Conserviamo questi dati unicamente al fine di erogarvi il servizio richiesto (richiesta informazioni ed invio informazioni).<\/p>\n<p>Non divulghiamo a terzi questi dati.<\/p>\n<p style=\"padding-left: 30px;\"><strong>b) Dati raccolti via chat online<\/strong><\/p>\n<p>I dati forniti (nel dialogo della chat e\/o nei campi per essere ricontattato) saranno trattati con modalit\u00e0 manuali, informatiche e\/o telematiche unicamente per evadere la sua richiesta ed aiutarla nella prenotazione. Solo in caso di suo espresso consenso, fornito facoltativamente tramite apposito form durante la chat stessa, il suoi dati potranno anche essere utilizzati per l&#8217;invio di informazioni commerciali e\/o di marketing mediante l\u2019utilizzo sia di modalit\u00e0 tradizionali (recapiti di posta cartacea, chiamate con operatore), sia di modalit\u00e0 automatizzate (e-mail, sms).<\/p>\n<p>Il conferimento dei dati personali \u00e8 facoltativo, ma la compilazione dei campi con asterisco si rende necessaria per evadere la sua richiesta ed il mancato conferimento degli stessi render\u00e0 impossibile per Stomatikos Srl erogare il servizio. Il contenuto del dialogo di questa chat potr\u00e0 essere scaricato attraverso l&#8217;apposita funzione e sar\u00e0 registrato per esigenze di prova legale per 90 giorni.<\/p>\n<p style=\"padding-left: 30px;\"><strong>c) Dati raccolti automaticamente<\/strong><\/p>\n<ul>\n<li>dati raccolti utilizzando i cookie o tecnologie similari: per ulteriori informazioni, ti invitiamo a visitare la pagina \u201c<a href=\"https:\/\/dittaweb.it\/wpdw\/index.php\/cookie-policy\/\"><strong>Cookie<\/strong><\/a>\u201d.<\/li>\n<\/ul>\n<h3 id=\"place_of_processing\">Come utilizziamo i tuoi dati?<\/h3>\n<p>Utilizziamo i dati raccolti, qualora tu ci abbia fornito espressamente il consenso, per:<\/p>\n<ul>\n<li>rispondere direttamente alla tua richiesta di contatto\/preventivo e comunicarti attivit\u00e0 promozionali, commerciali e pubblicitarie su eventi\/offerte tramite posta elettronica.<\/li>\n<\/ul>\n<p>Elaboriamo i dati raccolti, qualora tu ci abbia fornito espressamente il consenso, per analizzare le tue abitudini o scelte di consumo al fine di proporti un servizio sempre pi\u00f9 personalizzato ed in linea con i tuoi interessi e di migliorare la nostra offerta commerciale. Tali analisi non sono in ogni caso correlate ad un processo decisionale automatizzato.<\/p>\n<h3>Il conferimento dei dati \u00e8 obbligatorio?<\/h3>\n<p>Il conferimento dei dati personali \u00e8 obbligatorio esclusivamente per i trattamenti necessari all&#8217;erogazione dei servizi offerti (l&#8217;eventuale rifiuto per finalit\u00e0 di erogazione del servizio rende impossibile l&#8217;utilizzo del servizio stesso); \u00e8 invece facoltativo per le finalit\u00e0 promozionali e di profilazione e l&#8217;eventuale rifiuto di prestare il consenso non ha conseguenze negative sull&#8217;erogazione del servizio offerto nell&#8217;ambito del sito web e relative applicazioni.<\/p>\n<h3>Chi sono i soggetti del trattamento dei dati?<\/h3>\n<p>Titolare del trattamento \u00e8 Sargo Societ\u00e0 Cooperativa in persona del suo legale rappresentante pro-tempore, con sede legale sita in Via Calamandrei, 54 &#8211; 52100 Arezzo, Piva 02082240512<\/p>\n<p>Il responsabile designato per la protezione dei dati personali (<strong>D<\/strong>ata <strong>P<\/strong>rotection <strong>O<\/strong>fficer) ai sensi dell\u2019art. 37 del GDPR \u00e8 Paolo Tintori.<\/p>\n<p>Ti ricordiamo che puoi in qualsiasi momento contattare il DPO ed inviare qualsiasi domanda o richiesta relativa ai tuoi dati personali e al rispetto della tua privacy <strong>scrivendo <a href=\"https:\/\/dittaweb.it\/wpdw\/index.php\/contatta-il-dpo\">tramite l\u2019apposito form<\/a>.<\/strong><\/p>\n<p>I dati raccolti nell&#8217;ambito dell&#8217;erogazione del servizio potranno essere comunicati a:<\/p>\n<ul>\n<li>societ\u00e0 che svolgono funzioni strettamente connesse e strumentali all&#8217;operativit\u00e0 \u2013 anche tecnica \u2013 dei nostri servizi, quali ad esempio fornitori che erogano servizi finalizzati alla revisione e alla verifica degli annunci, fornitori di servizi di direct marketing e di customer care;<\/li>\n<li>enti ed autorit\u00e0 amministrative e giudiziarie in virt\u00f9 degli obblighi di legge.<\/li>\n<\/ul>\n<p>I tuoi dati personali potrebbero essere trasferiti al di fuori dell&#8217;Unione Europea per essere trattati da alcuni dei nostri fornitori di servizi. In questo caso, ci assicuriamo che questo trasferimento avvenga nel rispetto della legislazione vigente e che sia garantito un livello adeguato di protezione dei dati personali basandoci su una decisione di adeguatezza, su clausole standard definite dalla Commissione Europea o su Binding Corporate Rules.<\/p>\n<p>In nessun caso cediamo o vendiamo dati personali a soggetti terzi.<\/p>\n<p>Il titolare adotta le opportune misure di sicurezza volte ad impedire l&#8217;accesso, la divulgazione, la modifica o la distruzione non autorizzate dei dati personali.<br \/>\nIl trattamento viene effettuato mediante strumenti informatici e\/o telematici, con modalit\u00e0 organizzative e con logiche strettamente correlate alle finalit\u00e0 indicate. Oltre al titolare, in alcuni casi, potrebbero avere accesso ai dati altri soggetti coinvolti nell&#8217;organizzazione di questa applicazione (personale amministrativo, commerciale, marketing, legali, amministratori di sistema) ovvero soggetti esterni (come fornitori di servizi tecnici terzi, corrieri postali, hosting provider, societ\u00e0 informatiche, agenzie di comunicazione) nominati anche, se necessario, responsabili del trattamento da parte del titolare. L&#8217;elenco aggiornato dei responsabili potr\u00e0 sempre essere richiesto al titolare del trattamento.<\/p>\n<h3>Quali diritti hai sui tuoi dati?<\/h3>\n<p>Gli utenti possono esercitare determinati diritti con riferimento ai dati trattati dal titolare.<\/p>\n<p>In particolare, l&#8217;utente ha il diritto di:<\/p>\n<ul>\n<li><b>revocare il consenso in ogni momento.<\/b> L&#8217;utente pu\u00f2 revocare il consenso al trattamento dei propri dati personali precedentemente espresso.<\/li>\n<li><b>opporsi al trattamento dei propri dati.<\/b> L&#8217;utente pu\u00f2 opporsi al trattamento dei propri dati quando esso avviene su una base giuridica diversa dal consenso. Ulteriori dettagli sul diritto di opposizione sono indicati nella sezione sottostante.<\/li>\n<li><b>accedere ai propri dati.<\/b> L&#8217;utente ha diritto ad ottenere informazioni sui dati trattati dal titolare, su determinati aspetti del trattamento ed a ricevere una copia dei dati trattati.<\/li>\n<li><b>verificare e chiedere la rettifica.<\/b> L&#8217;utente pu\u00f2 verificare la correttezza dei propri dati e richiederne l&#8217;aggiornamento o la correzione.<\/li>\n<li><b>ottenere la limitazione del trattamento.<\/b> Quando ricorrono determinate condizioni, l&#8217;utente pu\u00f2 richiedere la limitazione del trattamento dei propri dati. In tal caso il titolare non tratter\u00e0 i dati per alcun altro scopo se non la loro conservazione.<\/li>\n<li><b>ottenere la cancellazione o rimozione dei propri dati personali.<\/b> Quando ricorrono determinate condizioni, l&#8217;utente pu\u00f2 richiedere la cancellazione dei propri dati da parte del titolare.<\/li>\n<li><b>ricevere i propri dati o farli trasferire ad altro titolare.<\/b> L&#8217;utente ha diritto di ricevere i propri dati in formato strutturato, di uso comune e leggibile da dispositivo automatico e, ove tecnicamente fattibile, di ottenerne il trasferimento senza ostacoli ad un altro titolare. Questa disposizione \u00e8 applicabile quando i dati sono trattati con strumenti automatizzati ed il trattamento \u00e8 basato sul consenso dell&#8217;utente, su un contratto di cui l&#8217;utente \u00e8 parte o su misure contrattuali ad esso connesse.<\/li>\n<li><b>proporre reclamo.<\/b> L&#8217;utente pu\u00f2 proporre un reclamo all&#8217;autorit\u00e0 di controllo della protezione dei dati personali competente o agire in sede giudiziale.<\/li>\n<\/ul>\n<h3>Per quanto tempo e come conserviamo i tuoi dati?<\/h3>\n<p>I dati sono trattati e conservati per il tempo richiesto dalle finalit\u00e0 dei servizi utilizzati e per le quali sono stati raccolti.<\/p>\n<ul>\n<li>I dati personali raccolti per scopi collegati all&#8217;esecuzione di un contratto tra il titolare e l&#8217;utente saranno trattenuti sino a quando sia completata l&#8217;esecuzione di tale contratto.<\/li>\n<li>I dati personali raccolti per finalit\u00e0 riconducibili all&#8217;interesse legittimo del titolare saranno trattenuti sino al soddisfacimento di tale interesse. L&#8217;utente pu\u00f2 ottenere ulteriori informazioni in merito all&#8217;interesse legittimo perseguito dal titolare nelle relative sezioni di questo documento o scrivendo al DPO<strong> <a href=\"https:\/\/dittaweb.it\/wpdw\/index.php\/contatta-il-dpo\">tramite l\u2019apposito form<\/a>.<\/strong><\/li>\n<\/ul>\n<p>Quando il trattamento \u00e8 basato sul consenso dell&#8217;utente, il titolare pu\u00f2 conservare i dati personali pi\u00f9 a lungo sino a quando detto consenso non venga revocato. Inoltre il titolare potrebbe essere obbligato a conservare i dati personali per un periodo pi\u00f9 lungo in ottemperanza ad un obbligo di legge o per ordine di una autorit\u00e0.<\/p>\n<p>Al termine del periodo di conservazioni i dati personali saranno cancellati. Pertanto, allo spirare di tale termine il diritto di accesso, cancellazione, rettificazione ed il diritto alla portabilit\u00e0 dei dati non potranno pi\u00f9 essere esercitati.<\/p>\n<h3>Modifiche a questa privacy policy<\/h3>\n<p>Il titolare del trattamento si riserva il diritto di apportare modifiche alla presente privacy policy in qualunque momento dandone informazione agli utenti su questa pagina e, se possibile, su questa applicazione nonch\u00e9, qualora tecnicamente e legalmente fattibile, inviando una notifica agli utenti attraverso uno degli estremi di contatto di cui \u00e8 in possesso il titolare . Si prega dunque di consultare regolarmente questa pagina, facendo riferimento alla data di ultima modifica indicata in fondo.<\/p>\n<p>Qualora le modifiche interessino trattamenti la cui base giuridica \u00e8 il consenso, il titolare provveder\u00e0 a raccogliere nuovamente il consenso dell&#8217;utente, se necessario.<\/p>\n","protected":false},"excerpt":{"rendered":"<p>PRIVACY POLICY Il nuovo regolamento nell&#8217;Unione europea, denominato regolamento generale sulla protezione dei dati UE 2016\/679 (\u201cGDPR\u201d) \u00e8 entrato in vigore il 25 maggio 2018. Fornisce linee guida rigorose e specifiche su come i dati personali vengono raccolti e gestiti. Ci\u00f2 riguarda anche le societ\u00e0 e le persone che risiedono al di fuori dell&#8217;Unione Europea [&hellip;]<\/p>\n","protected":false},"author":2,"featured_media":0,"parent":0,"menu_order":0,"comment_status":"closed","ping_status":"closed","template":"","meta":{"footnotes":""},"class_list":["post-1126","page","type-page","status-publish","hentry"],"yoast_head":"<!-- This site is optimized with the Yoast SEO plugin v27.3 - https:\/\/yoast.com\/product\/yoast-seo-wordpress\/ -->\n<title>Privacy Policy - Dittaweb<\/title>\n<meta name=\"robots\" content=\"index, follow, max-snippet:-1, max-image-preview:large, max-video-preview:-1\" \/>\n<link rel=\"canonical\" href=\"https:\/\/dittaweb.it\/wpdw\/index.php\/privacy-policy\/\" \/>\n<meta property=\"og:locale\" content=\"it_IT\" \/>\n<meta property=\"og:type\" content=\"article\" \/>\n<meta property=\"og:title\" content=\"Privacy Policy - Dittaweb\" \/>\n<meta property=\"og:description\" content=\"PRIVACY POLICY Il nuovo regolamento nell&#8217;Unione europea, denominato regolamento generale sulla protezione dei dati UE 2016\/679 (\u201cGDPR\u201d) \u00e8 entrato in vigore il 25 maggio 2018. Fornisce linee guida rigorose e specifiche su come i dati personali vengono raccolti e gestiti. Ci\u00f2 riguarda anche le societ\u00e0 e le persone che risiedono al di fuori dell&#8217;Unione Europea [&hellip;]\" \/>\n<meta property=\"og:url\" content=\"https:\/\/dittaweb.it\/wpdw\/index.php\/privacy-policy\/\" \/>\n<meta property=\"og:site_name\" content=\"Dittaweb\" \/>\n<meta property=\"article:publisher\" content=\"https:\/\/www.facebook.com\/Sargo-1607970546098800\/\" \/>\n<meta property=\"article:modified_time\" content=\"2020-01-06T18:39:55+00:00\" \/>\n<meta name=\"twitter:card\" content=\"summary_large_image\" \/>\n<meta name=\"twitter:label1\" content=\"Tempo di lettura stimato\" \/>\n\t<meta name=\"twitter:data1\" content=\"7 minuti\" \/>\n<script type=\"application\/ld+json\" class=\"yoast-schema-graph\">{\"@context\":\"https:\\\/\\\/schema.org\",\"@graph\":[{\"@type\":\"WebPage\",\"@id\":\"https:\\\/\\\/dittaweb.it\\\/wpdw\\\/index.php\\\/privacy-policy\\\/\",\"url\":\"https:\\\/\\\/dittaweb.it\\\/wpdw\\\/index.php\\\/privacy-policy\\\/\",\"name\":\"Privacy Policy - Dittaweb\",\"isPartOf\":{\"@id\":\"https:\\\/\\\/dittaweb.it\\\/wpdw\\\/#website\"},\"datePublished\":\"2018-10-18T15:19:27+00:00\",\"dateModified\":\"2020-01-06T18:39:55+00:00\",\"breadcrumb\":{\"@id\":\"https:\\\/\\\/dittaweb.it\\\/wpdw\\\/index.php\\\/privacy-policy\\\/#breadcrumb\"},\"inLanguage\":\"it-IT\",\"potentialAction\":[{\"@type\":\"ReadAction\",\"target\":[\"https:\\\/\\\/dittaweb.it\\\/wpdw\\\/index.php\\\/privacy-policy\\\/\"]}]},{\"@type\":\"BreadcrumbList\",\"@id\":\"https:\\\/\\\/dittaweb.it\\\/wpdw\\\/index.php\\\/privacy-policy\\\/#breadcrumb\",\"itemListElement\":[{\"@type\":\"ListItem\",\"position\":1,\"name\":\"Home\",\"item\":\"https:\\\/\\\/dittaweb.it\\\/wpdw\\\/\"},{\"@type\":\"ListItem\",\"position\":2,\"name\":\"Privacy Policy\"}]},{\"@type\":\"WebSite\",\"@id\":\"https:\\\/\\\/dittaweb.it\\\/wpdw\\\/#website\",\"url\":\"https:\\\/\\\/dittaweb.it\\\/wpdw\\\/\",\"name\":\"Dittaweb\",\"description\":\"Gestionale ERP cloud\",\"publisher\":{\"@id\":\"https:\\\/\\\/dittaweb.it\\\/wpdw\\\/#organization\"},\"potentialAction\":[{\"@type\":\"SearchAction\",\"target\":{\"@type\":\"EntryPoint\",\"urlTemplate\":\"https:\\\/\\\/dittaweb.it\\\/wpdw\\\/?s={search_term_string}\"},\"query-input\":{\"@type\":\"PropertyValueSpecification\",\"valueRequired\":true,\"valueName\":\"search_term_string\"}}],\"inLanguage\":\"it-IT\"},{\"@type\":\"Organization\",\"@id\":\"https:\\\/\\\/dittaweb.it\\\/wpdw\\\/#organization\",\"name\":\"Dittaweb by Sargo soc. coop\",\"url\":\"https:\\\/\\\/dittaweb.it\\\/wpdw\\\/\",\"logo\":{\"@type\":\"ImageObject\",\"inLanguage\":\"it-IT\",\"@id\":\"https:\\\/\\\/dittaweb.it\\\/wpdw\\\/#\\\/schema\\\/logo\\\/image\\\/\",\"url\":\"https:\\\/\\\/dittaweb.it\\\/wpdw\\\/wp-content\\\/uploads\\\/logo_dittaweb_trasp40.png\",\"contentUrl\":\"https:\\\/\\\/dittaweb.it\\\/wpdw\\\/wp-content\\\/uploads\\\/logo_dittaweb_trasp40.png\",\"width\":201,\"height\":40,\"caption\":\"Dittaweb by Sargo soc. coop\"},\"image\":{\"@id\":\"https:\\\/\\\/dittaweb.it\\\/wpdw\\\/#\\\/schema\\\/logo\\\/image\\\/\"},\"sameAs\":[\"https:\\\/\\\/www.facebook.com\\\/Sargo-1607970546098800\\\/\"]}]}<\/script>\n<!-- \/ Yoast SEO plugin. -->","yoast_head_json":{"title":"Privacy Policy - Dittaweb","robots":{"index":"index","follow":"follow","max-snippet":"max-snippet:-1","max-image-preview":"max-image-preview:large","max-video-preview":"max-video-preview:-1"},"canonical":"https:\/\/dittaweb.it\/wpdw\/index.php\/privacy-policy\/","og_locale":"it_IT","og_type":"article","og_title":"Privacy Policy - Dittaweb","og_description":"PRIVACY POLICY Il nuovo regolamento nell&#8217;Unione europea, denominato regolamento generale sulla protezione dei dati UE 2016\/679 (\u201cGDPR\u201d) \u00e8 entrato in vigore il 25 maggio 2018. Fornisce linee guida rigorose e specifiche su come i dati personali vengono raccolti e gestiti. Ci\u00f2 riguarda anche le societ\u00e0 e le persone che risiedono al di fuori dell&#8217;Unione Europea [&hellip;]","og_url":"https:\/\/dittaweb.it\/wpdw\/index.php\/privacy-policy\/","og_site_name":"Dittaweb","article_publisher":"https:\/\/www.facebook.com\/Sargo-1607970546098800\/","article_modified_time":"2020-01-06T18:39:55+00:00","twitter_card":"summary_large_image","twitter_misc":{"Tempo di lettura stimato":"7 minuti"},"schema":{"@context":"https:\/\/schema.org","@graph":[{"@type":"WebPage","@id":"https:\/\/dittaweb.it\/wpdw\/index.php\/privacy-policy\/","url":"https:\/\/dittaweb.it\/wpdw\/index.php\/privacy-policy\/","name":"Privacy Policy - Dittaweb","isPartOf":{"@id":"https:\/\/dittaweb.it\/wpdw\/#website"},"datePublished":"2018-10-18T15:19:27+00:00","dateModified":"2020-01-06T18:39:55+00:00","breadcrumb":{"@id":"https:\/\/dittaweb.it\/wpdw\/index.php\/privacy-policy\/#breadcrumb"},"inLanguage":"it-IT","potentialAction":[{"@type":"ReadAction","target":["https:\/\/dittaweb.it\/wpdw\/index.php\/privacy-policy\/"]}]},{"@type":"BreadcrumbList","@id":"https:\/\/dittaweb.it\/wpdw\/index.php\/privacy-policy\/#breadcrumb","itemListElement":[{"@type":"ListItem","position":1,"name":"Home","item":"https:\/\/dittaweb.it\/wpdw\/"},{"@type":"ListItem","position":2,"name":"Privacy Policy"}]},{"@type":"WebSite","@id":"https:\/\/dittaweb.it\/wpdw\/#website","url":"https:\/\/dittaweb.it\/wpdw\/","name":"Dittaweb","description":"Gestionale ERP cloud","publisher":{"@id":"https:\/\/dittaweb.it\/wpdw\/#organization"},"potentialAction":[{"@type":"SearchAction","target":{"@type":"EntryPoint","urlTemplate":"https:\/\/dittaweb.it\/wpdw\/?s={search_term_string}"},"query-input":{"@type":"PropertyValueSpecification","valueRequired":true,"valueName":"search_term_string"}}],"inLanguage":"it-IT"},{"@type":"Organization","@id":"https:\/\/dittaweb.it\/wpdw\/#organization","name":"Dittaweb by Sargo soc. coop","url":"https:\/\/dittaweb.it\/wpdw\/","logo":{"@type":"ImageObject","inLanguage":"it-IT","@id":"https:\/\/dittaweb.it\/wpdw\/#\/schema\/logo\/image\/","url":"https:\/\/dittaweb.it\/wpdw\/wp-content\/uploads\/logo_dittaweb_trasp40.png","contentUrl":"https:\/\/dittaweb.it\/wpdw\/wp-content\/uploads\/logo_dittaweb_trasp40.png","width":201,"height":40,"caption":"Dittaweb by Sargo soc. coop"},"image":{"@id":"https:\/\/dittaweb.it\/wpdw\/#\/schema\/logo\/image\/"},"sameAs":["https:\/\/www.facebook.com\/Sargo-1607970546098800\/"]}]}},"_links":{"self":[{"href":"https:\/\/dittaweb.it\/wpdw\/index.php\/wp-json\/wp\/v2\/pages\/1126","targetHints":{"allow":["GET"]}}],"collection":[{"href":"https:\/\/dittaweb.it\/wpdw\/index.php\/wp-json\/wp\/v2\/pages"}],"about":[{"href":"https:\/\/dittaweb.it\/wpdw\/index.php\/wp-json\/wp\/v2\/types\/page"}],"author":[{"embeddable":true,"href":"https:\/\/dittaweb.it\/wpdw\/index.php\/wp-json\/wp\/v2\/users\/2"}],"replies":[{"embeddable":true,"href":"https:\/\/dittaweb.it\/wpdw\/index.php\/wp-json\/wp\/v2\/comments?post=1126"}],"version-history":[{"count":6,"href":"https:\/\/dittaweb.it\/wpdw\/index.php\/wp-json\/wp\/v2\/pages\/1126\/revisions"}],"predecessor-version":[{"id":1691,"href":"https:\/\/dittaweb.it\/wpdw\/index.php\/wp-json\/wp\/v2\/pages\/1126\/revisions\/1691"}],"wp:attachment":[{"href":"https:\/\/dittaweb.it\/wpdw\/index.php\/wp-json\/wp\/v2\/media?parent=1126"}],"curies":[{"name":"wp","href":"https:\/\/api.w.org\/{rel}","templated":true}]}}