{"id":1149,"date":"2018-10-18T21:53:46","date_gmt":"2018-10-18T19:53:46","guid":{"rendered":"https:\/\/dittaweb.it\/wpdw\/?page_id=1149"},"modified":"2018-11-01T11:31:54","modified_gmt":"2018-11-01T10:31:54","slug":"gdpr-compliance-e-software-gestionale","status":"publish","type":"page","link":"https:\/\/dittaweb.it\/wpdw\/index.php\/gdpr-compliance-e-software-gestionale\/","title":{"rendered":"GDPR compliance e sicurezza"},"content":{"rendered":"<p><div class=\"fusion-fullwidth fullwidth-box fusion-builder-row-1 nonhundred-percent-fullwidth non-hundred-percent-height-scrolling fusion-equal-height-columns\" style=\"--awb-border-radius-top-left:0px;--awb-border-radius-top-right:0px;--awb-border-radius-bottom-right:0px;--awb-border-radius-bottom-left:0px;--awb-flex-wrap:wrap;\" ><div class=\"fusion-builder-row fusion-row\"><div class=\"fusion-layout-column fusion_builder_column fusion-builder-column-0 fusion_builder_column_1_1 1_1 fusion-one-full fusion-column-first fusion-column-last\" style=\"--awb-bg-size:cover;\"><div class=\"fusion-column-wrapper fusion-flex-column-wrapper-legacy\"><div class=\"fusion-text fusion-text-1\"><h2 style=\"text-align: center;\">Il software gestionale ed il GDPR<\/h2>\n<p>L&#8217;entrata in vigore del nuovo GDPR\u00e8 avvenuta alla fine di maggio 2018; la regolamentazione privacy che arriva dall&#8217;Europa\u00a0 \u00e8 stata recepita dall&#8217;Italia e tratta di una serie di disposizioni alle quali tutte le aziende\u00a0 ed i professionisti debbono attenersi, pena sanzioni. Al lavoro dei consulenti esperti in materia indichiamo ci\u00f2 che Dittaweb fa alla luce di tale normativa.<\/p>\n<p>Il software gestionale \u00e8 la centrale di gestione di dati trattati dall&#8217;azienda. Secondo il GDPR, ma \u00e8 anche semplice buonsenso, i dati devono essere protetti, l&#8217;accesso ai dati non pu\u00f2 essere indiscriminato e incontrollato. E&#8217; importante che l&#8217;azienda predisponga registri che tengano traccia di quali dati sono stati consultati, da chi e quando. Dittaweb comprende a tal proposito una serie di funzionalit\u00e0 e specifiche per aiutare l&#8217;azienda in materia di GDPR compliance.<\/p>\n<\/div><div class=\"fusion-clearfix\"><\/div><\/div><\/div><\/div><\/div><div class=\"fusion-fullwidth fullwidth-box fusion-builder-row-2 nonhundred-percent-fullwidth non-hundred-percent-height-scrolling fusion-equal-height-columns\" style=\"--awb-border-radius-top-left:0px;--awb-border-radius-top-right:0px;--awb-border-radius-bottom-right:0px;--awb-border-radius-bottom-left:0px;--awb-flex-wrap:wrap;\" ><div class=\"fusion-builder-row fusion-row\"><div class=\"fusion-layout-column fusion_builder_column fusion-builder-column-1 fusion_builder_column_1_5 1_5 fusion-one-fifth fusion-column-first\" style=\"--awb-bg-size:cover;--awb-margin-bottom:0px;width:16.8%; margin-right: 4%;\"><div class=\"fusion-column-wrapper fusion-flex-column-wrapper-legacy\"><div class=\"fusion-sep-clear\"><\/div><div class=\"fusion-separator fusion-full-width-sep\" style=\"margin-left: auto;margin-right: auto;margin-top:20px;width:100%;\"><\/div><div class=\"fusion-sep-clear\"><\/div><div class=\"fusion-fa-align-center\"><i class=\"fb-icon-element-1 fb-icon-element fontawesome-icon fa-unlock-alt fas circle-yes\" style=\"--awb-circlecolor:#274c93;--awb-circlecolor-hover:#274c93;--awb-circlebordercolor:#274c93;--awb-circlebordercolor-hover:#274c93;--awb-circlebordersize:1px;--awb-font-size:44px;--awb-width:88px;--awb-height:88px;--awb-line-height:86px;\"><\/i><\/div><div class=\"fusion-clearfix\"><\/div><\/div><\/div><div class=\"fusion-layout-column fusion_builder_column fusion-builder-column-2 fusion_builder_column_4_5 4_5 fusion-four-fifth fusion-column-last\" style=\"--awb-bg-size:cover;--awb-margin-bottom:0px;width:79.2%;\"><div class=\"fusion-column-wrapper fusion-flex-column-wrapper-legacy\"><div class=\"fusion-text fusion-text-2\"><h3>Log degli accessi<\/h3>\n<p>Un aspetto fondamentale\u00a0 in caso di controllo sulla compliancy al GDPR \u00e8 la presenza di registri che tengano traccia di tutti gli accessi ai dati avvenuti in azienda. E&#8217; oggettivamente impensabile\u00a0che un dipendente annoti in un apposito registro ogni qual volta accede ad un&#8217;anagrafica tramite il software gestionale, operazione che viene ripetuta innumerevoli volte in una giornata di lavoro.<br \/>\nPer questo motivo \u00e8 Dittaweb a generare questo registro, automaticamente, in quanto registra per ogni attivit\u00e0 l&#8217;utente che ha avuto accesso al dato, la consultazione di lista record e di record singolo, con la data e l&#8217;ora dell&#8217;accesso. Inoltre, traccia eventuali esportazioni dei dati in formato Excel, CSV, PDF, JSON. Cos\u00ec facendo, il registro degli accessi ai dati viene generato automaticamente, giorno dopo giorno!<\/p>\n<\/div><div class=\"fusion-clearfix\"><\/div><\/div><\/div><\/div><\/div><div class=\"fusion-fullwidth fullwidth-box fusion-builder-row-3 nonhundred-percent-fullwidth non-hundred-percent-height-scrolling\" style=\"--awb-border-radius-top-left:0px;--awb-border-radius-top-right:0px;--awb-border-radius-bottom-right:0px;--awb-border-radius-bottom-left:0px;--awb-flex-wrap:wrap;\" ><div class=\"fusion-builder-row fusion-row\"><div class=\"fusion-layout-column fusion_builder_column fusion-builder-column-3 fusion_builder_column_1_5 1_5 fusion-one-fifth fusion-column-first\" style=\"--awb-bg-size:cover;--awb-margin-bottom:0px;width:16.8%; margin-right: 4%;\"><div class=\"fusion-column-wrapper fusion-flex-column-wrapper-legacy\"><div class=\"fusion-sep-clear\"><\/div><div class=\"fusion-separator fusion-full-width-sep\" style=\"margin-left: auto;margin-right: auto;margin-top:20px;width:100%;\"><\/div><div class=\"fusion-sep-clear\"><\/div><div class=\"fusion-fa-align-center\"><i class=\"fb-icon-element-2 fb-icon-element fontawesome-icon fa-sign-in-alt fas circle-yes\" style=\"--awb-circlecolor:#274c93;--awb-circlecolor-hover:#274c93;--awb-circlebordercolor:#274c93;--awb-circlebordercolor-hover:#274c93;--awb-circlebordersize:1px;--awb-font-size:44px;--awb-width:88px;--awb-height:88px;--awb-line-height:86px;\"><\/i><\/div><div class=\"fusion-clearfix\"><\/div><\/div><\/div><div class=\"fusion-layout-column fusion_builder_column fusion-builder-column-4 fusion_builder_column_4_5 4_5 fusion-four-fifth fusion-column-last\" style=\"--awb-bg-size:cover;width:79.2%;\"><div class=\"fusion-column-wrapper fusion-flex-column-wrapper-legacy\"><div class=\"fusion-text fusion-text-3\"><h3>Autenticazione accessi<\/h3>\n<p>Per garantire un accesso a Dittaweb in sicurezza, l&#8217;utente dovr\u00e0 utilizzare non due ma tre chiavi: codice azienda, username, password. Cosa significa? Che sebbene qualcuno possa entrare in possesso dell&#8217;username e password di un nostro dipendente, non potr\u00e0 entrare nel gestionale. E&#8217; inoltre possibile richiedere che i dispositivi utilizzati siano abilitati all&#8217;accesso tramite conferma email. Questo a dimostrare che, in caso di controlli, l&#8217;azienda utilizza alte misure di sicurezza per contromisure per contrastare gli accessi indesiderati.<\/p>\n<\/div><div class=\"fusion-clearfix\"><\/div><\/div><\/div><\/div><\/div><div class=\"fusion-fullwidth fullwidth-box fusion-builder-row-4 nonhundred-percent-fullwidth non-hundred-percent-height-scrolling\" style=\"--awb-border-radius-top-left:0px;--awb-border-radius-top-right:0px;--awb-border-radius-bottom-right:0px;--awb-border-radius-bottom-left:0px;--awb-flex-wrap:wrap;\" ><div class=\"fusion-builder-row fusion-row\"><div class=\"fusion-layout-column fusion_builder_column fusion-builder-column-5 fusion_builder_column_1_5 1_5 fusion-one-fifth fusion-column-first\" style=\"--awb-bg-size:cover;--awb-margin-bottom:0px;width:16.8%; margin-right: 4%;\"><div class=\"fusion-column-wrapper fusion-flex-column-wrapper-legacy\"><div class=\"fusion-sep-clear\"><\/div><div class=\"fusion-separator fusion-full-width-sep\" style=\"margin-left: auto;margin-right: auto;margin-top:20px;width:100%;\"><\/div><div class=\"fusion-sep-clear\"><\/div><div class=\"fusion-fa-align-center\"><i class=\"fb-icon-element-3 fb-icon-element fontawesome-icon fa-upload fas circle-yes\" style=\"--awb-circlecolor:#274c93;--awb-circlecolor-hover:#274c93;--awb-circlebordercolor:#274c93;--awb-circlebordercolor-hover:#274c93;--awb-circlebordersize:1px;--awb-font-size:44px;--awb-width:88px;--awb-height:88px;--awb-line-height:86px;\"><\/i><\/div><div class=\"fusion-clearfix\"><\/div><\/div><\/div><div class=\"fusion-layout-column fusion_builder_column fusion-builder-column-6 fusion_builder_column_4_5 4_5 fusion-four-fifth fusion-column-last\" style=\"--awb-bg-size:cover;width:79.2%;\"><div class=\"fusion-column-wrapper fusion-flex-column-wrapper-legacy\"><div class=\"fusion-text fusion-text-4\"><h3>Esportazioni dati e log di sistema<\/h3>\n<p>La cosiddetta &#8220;data breach&#8221;, ossa la fuga di dati, \u00e8 uno dei pericoli che l&#8217;adozione del GDPR vuole ridurre. Una persona che ve ne ha accesso, dipendente o consulente esterno che sia, potrebbe sfruttare il proprio accesso ai dati aziendali per esportarli e rivenderli o distribuirli all&#8217;esterno dell&#8217;azienda, in maniera illecita. Il GDPR suggerisce l&#8217;adozione di registri che tengono traccia delle attivit\u00e0 di esportazione dei dati. Dittaweb genera il registro in automatico tracciando tutte le volte che un utente procede ed esportare i dati in formato xml, csv, PDF. , da mostrare in caso di controllo delle autorit\u00e0 competenti.<\/p>\n<\/div><div class=\"fusion-clearfix\"><\/div><\/div><\/div><\/div><\/div><div class=\"fusion-fullwidth fullwidth-box fusion-builder-row-5 nonhundred-percent-fullwidth non-hundred-percent-height-scrolling\" style=\"--awb-border-radius-top-left:0px;--awb-border-radius-top-right:0px;--awb-border-radius-bottom-right:0px;--awb-border-radius-bottom-left:0px;--awb-flex-wrap:wrap;\" ><div class=\"fusion-builder-row fusion-row\"><div class=\"fusion-layout-column fusion_builder_column fusion-builder-column-7 fusion_builder_column_1_5 1_5 fusion-one-fifth fusion-column-first\" style=\"--awb-bg-size:cover;--awb-margin-bottom:0px;width:16.8%; margin-right: 4%;\"><div class=\"fusion-column-wrapper fusion-flex-column-wrapper-legacy\"><div class=\"fusion-sep-clear\"><\/div><div class=\"fusion-separator fusion-full-width-sep\" style=\"margin-left: auto;margin-right: auto;margin-top:20px;width:100%;\"><\/div><div class=\"fusion-sep-clear\"><\/div><div class=\"fusion-fa-align-center\"><i class=\"fb-icon-element-4 fb-icon-element fontawesome-icon fa-hdd fas circle-yes\" style=\"--awb-circlecolor:#274c93;--awb-circlecolor-hover:#274c93;--awb-circlebordercolor:#274c93;--awb-circlebordercolor-hover:#274c93;--awb-circlebordersize:1px;--awb-font-size:44px;--awb-width:88px;--awb-height:88px;--awb-line-height:86px;\"><\/i><\/div><div class=\"fusion-clearfix\"><\/div><\/div><\/div><div class=\"fusion-layout-column fusion_builder_column fusion-builder-column-8 fusion_builder_column_4_5 4_5 fusion-four-fifth fusion-column-last\" style=\"--awb-bg-size:cover;width:79.2%;\"><div class=\"fusion-column-wrapper fusion-flex-column-wrapper-legacy\"><div class=\"fusion-text fusion-text-5\"><h3>Backup e ripristino<\/h3>\n<p>Dittaweb \u00e8 un software cloud, e per questo il backup dei dati \u00e8 fatto da noi, anche se in ogni momento il Cliente pu\u00f2 salvare una copia in locale. Il GDPR stabilisce la necessit\u00e0 di una strategia di data recovery in caso di corruzione o perdita dei dati. Dittaweb effettua una copia dei dati quasi in tempo reale, quindi una politica di backup particolarmente potente e curata. In caso di perdita di dati, sar\u00e0 possibile ripristinare il pi\u00f9 recente backup!<\/p>\n<\/div><div class=\"fusion-clearfix\"><\/div><\/div><\/div><\/div><\/div><\/p>\n","protected":false},"excerpt":{"rendered":"","protected":false},"author":2,"featured_media":0,"parent":0,"menu_order":0,"comment_status":"closed","ping_status":"closed","template":"","meta":{"footnotes":""},"class_list":["post-1149","page","type-page","status-publish","hentry"],"yoast_head":"<!-- This site is optimized with the Yoast SEO plugin v27.3 - https:\/\/yoast.com\/product\/yoast-seo-wordpress\/ -->\n<title>GDPR compliance e sicurezza - Dittaweb<\/title>\n<meta name=\"description\" content=\"Il nuovo GDPR e la sicurezza del software gestionale cloud sono garantite da procedure e sistemi conformi al nuovo regolamento sulla sicurezza dei dati\" \/>\n<meta name=\"robots\" content=\"index, follow, max-snippet:-1, max-image-preview:large, max-video-preview:-1\" \/>\n<link rel=\"canonical\" href=\"https:\/\/dittaweb.it\/wpdw\/index.php\/gdpr-compliance-e-software-gestionale\/\" \/>\n<meta property=\"og:locale\" content=\"it_IT\" \/>\n<meta property=\"og:type\" content=\"article\" \/>\n<meta property=\"og:title\" content=\"GDPR compliance e sicurezza - Dittaweb\" \/>\n<meta property=\"og:description\" content=\"Il nuovo GDPR e la sicurezza del software gestionale cloud sono garantite da procedure e sistemi conformi al nuovo regolamento sulla sicurezza dei dati\" \/>\n<meta property=\"og:url\" content=\"https:\/\/dittaweb.it\/wpdw\/index.php\/gdpr-compliance-e-software-gestionale\/\" \/>\n<meta property=\"og:site_name\" content=\"Dittaweb\" \/>\n<meta property=\"article:publisher\" content=\"https:\/\/www.facebook.com\/Sargo-1607970546098800\/\" \/>\n<meta property=\"article:modified_time\" content=\"2018-11-01T10:31:54+00:00\" \/>\n<meta name=\"twitter:card\" content=\"summary_large_image\" \/>\n<meta name=\"twitter:label1\" content=\"Tempo di lettura stimato\" \/>\n\t<meta name=\"twitter:data1\" content=\"10 minuti\" \/>\n<script type=\"application\/ld+json\" class=\"yoast-schema-graph\">{\"@context\":\"https:\\\/\\\/schema.org\",\"@graph\":[{\"@type\":\"WebPage\",\"@id\":\"https:\\\/\\\/dittaweb.it\\\/wpdw\\\/index.php\\\/gdpr-compliance-e-software-gestionale\\\/\",\"url\":\"https:\\\/\\\/dittaweb.it\\\/wpdw\\\/index.php\\\/gdpr-compliance-e-software-gestionale\\\/\",\"name\":\"GDPR compliance e sicurezza - Dittaweb\",\"isPartOf\":{\"@id\":\"https:\\\/\\\/dittaweb.it\\\/wpdw\\\/#website\"},\"datePublished\":\"2018-10-18T19:53:46+00:00\",\"dateModified\":\"2018-11-01T10:31:54+00:00\",\"description\":\"Il nuovo GDPR e la sicurezza del software gestionale cloud sono garantite da procedure e sistemi conformi al nuovo regolamento sulla sicurezza dei dati\",\"breadcrumb\":{\"@id\":\"https:\\\/\\\/dittaweb.it\\\/wpdw\\\/index.php\\\/gdpr-compliance-e-software-gestionale\\\/#breadcrumb\"},\"inLanguage\":\"it-IT\",\"potentialAction\":[{\"@type\":\"ReadAction\",\"target\":[\"https:\\\/\\\/dittaweb.it\\\/wpdw\\\/index.php\\\/gdpr-compliance-e-software-gestionale\\\/\"]}]},{\"@type\":\"BreadcrumbList\",\"@id\":\"https:\\\/\\\/dittaweb.it\\\/wpdw\\\/index.php\\\/gdpr-compliance-e-software-gestionale\\\/#breadcrumb\",\"itemListElement\":[{\"@type\":\"ListItem\",\"position\":1,\"name\":\"Home\",\"item\":\"https:\\\/\\\/dittaweb.it\\\/wpdw\\\/\"},{\"@type\":\"ListItem\",\"position\":2,\"name\":\"GDPR compliance e sicurezza\"}]},{\"@type\":\"WebSite\",\"@id\":\"https:\\\/\\\/dittaweb.it\\\/wpdw\\\/#website\",\"url\":\"https:\\\/\\\/dittaweb.it\\\/wpdw\\\/\",\"name\":\"Dittaweb\",\"description\":\"Gestionale ERP cloud\",\"publisher\":{\"@id\":\"https:\\\/\\\/dittaweb.it\\\/wpdw\\\/#organization\"},\"potentialAction\":[{\"@type\":\"SearchAction\",\"target\":{\"@type\":\"EntryPoint\",\"urlTemplate\":\"https:\\\/\\\/dittaweb.it\\\/wpdw\\\/?s={search_term_string}\"},\"query-input\":{\"@type\":\"PropertyValueSpecification\",\"valueRequired\":true,\"valueName\":\"search_term_string\"}}],\"inLanguage\":\"it-IT\"},{\"@type\":\"Organization\",\"@id\":\"https:\\\/\\\/dittaweb.it\\\/wpdw\\\/#organization\",\"name\":\"Dittaweb by Sargo soc. coop\",\"url\":\"https:\\\/\\\/dittaweb.it\\\/wpdw\\\/\",\"logo\":{\"@type\":\"ImageObject\",\"inLanguage\":\"it-IT\",\"@id\":\"https:\\\/\\\/dittaweb.it\\\/wpdw\\\/#\\\/schema\\\/logo\\\/image\\\/\",\"url\":\"https:\\\/\\\/dittaweb.it\\\/wpdw\\\/wp-content\\\/uploads\\\/logo_dittaweb_trasp40.png\",\"contentUrl\":\"https:\\\/\\\/dittaweb.it\\\/wpdw\\\/wp-content\\\/uploads\\\/logo_dittaweb_trasp40.png\",\"width\":201,\"height\":40,\"caption\":\"Dittaweb by Sargo soc. coop\"},\"image\":{\"@id\":\"https:\\\/\\\/dittaweb.it\\\/wpdw\\\/#\\\/schema\\\/logo\\\/image\\\/\"},\"sameAs\":[\"https:\\\/\\\/www.facebook.com\\\/Sargo-1607970546098800\\\/\"]}]}<\/script>\n<!-- \/ Yoast SEO plugin. -->","yoast_head_json":{"title":"GDPR compliance e sicurezza - Dittaweb","description":"Il nuovo GDPR e la sicurezza del software gestionale cloud sono garantite da procedure e sistemi conformi al nuovo regolamento sulla sicurezza dei dati","robots":{"index":"index","follow":"follow","max-snippet":"max-snippet:-1","max-image-preview":"max-image-preview:large","max-video-preview":"max-video-preview:-1"},"canonical":"https:\/\/dittaweb.it\/wpdw\/index.php\/gdpr-compliance-e-software-gestionale\/","og_locale":"it_IT","og_type":"article","og_title":"GDPR compliance e sicurezza - Dittaweb","og_description":"Il nuovo GDPR e la sicurezza del software gestionale cloud sono garantite da procedure e sistemi conformi al nuovo regolamento sulla sicurezza dei dati","og_url":"https:\/\/dittaweb.it\/wpdw\/index.php\/gdpr-compliance-e-software-gestionale\/","og_site_name":"Dittaweb","article_publisher":"https:\/\/www.facebook.com\/Sargo-1607970546098800\/","article_modified_time":"2018-11-01T10:31:54+00:00","twitter_card":"summary_large_image","twitter_misc":{"Tempo di lettura stimato":"10 minuti"},"schema":{"@context":"https:\/\/schema.org","@graph":[{"@type":"WebPage","@id":"https:\/\/dittaweb.it\/wpdw\/index.php\/gdpr-compliance-e-software-gestionale\/","url":"https:\/\/dittaweb.it\/wpdw\/index.php\/gdpr-compliance-e-software-gestionale\/","name":"GDPR compliance e sicurezza - Dittaweb","isPartOf":{"@id":"https:\/\/dittaweb.it\/wpdw\/#website"},"datePublished":"2018-10-18T19:53:46+00:00","dateModified":"2018-11-01T10:31:54+00:00","description":"Il nuovo GDPR e la sicurezza del software gestionale cloud sono garantite da procedure e sistemi conformi al nuovo regolamento sulla sicurezza dei dati","breadcrumb":{"@id":"https:\/\/dittaweb.it\/wpdw\/index.php\/gdpr-compliance-e-software-gestionale\/#breadcrumb"},"inLanguage":"it-IT","potentialAction":[{"@type":"ReadAction","target":["https:\/\/dittaweb.it\/wpdw\/index.php\/gdpr-compliance-e-software-gestionale\/"]}]},{"@type":"BreadcrumbList","@id":"https:\/\/dittaweb.it\/wpdw\/index.php\/gdpr-compliance-e-software-gestionale\/#breadcrumb","itemListElement":[{"@type":"ListItem","position":1,"name":"Home","item":"https:\/\/dittaweb.it\/wpdw\/"},{"@type":"ListItem","position":2,"name":"GDPR compliance e sicurezza"}]},{"@type":"WebSite","@id":"https:\/\/dittaweb.it\/wpdw\/#website","url":"https:\/\/dittaweb.it\/wpdw\/","name":"Dittaweb","description":"Gestionale ERP cloud","publisher":{"@id":"https:\/\/dittaweb.it\/wpdw\/#organization"},"potentialAction":[{"@type":"SearchAction","target":{"@type":"EntryPoint","urlTemplate":"https:\/\/dittaweb.it\/wpdw\/?s={search_term_string}"},"query-input":{"@type":"PropertyValueSpecification","valueRequired":true,"valueName":"search_term_string"}}],"inLanguage":"it-IT"},{"@type":"Organization","@id":"https:\/\/dittaweb.it\/wpdw\/#organization","name":"Dittaweb by Sargo soc. coop","url":"https:\/\/dittaweb.it\/wpdw\/","logo":{"@type":"ImageObject","inLanguage":"it-IT","@id":"https:\/\/dittaweb.it\/wpdw\/#\/schema\/logo\/image\/","url":"https:\/\/dittaweb.it\/wpdw\/wp-content\/uploads\/logo_dittaweb_trasp40.png","contentUrl":"https:\/\/dittaweb.it\/wpdw\/wp-content\/uploads\/logo_dittaweb_trasp40.png","width":201,"height":40,"caption":"Dittaweb by Sargo soc. coop"},"image":{"@id":"https:\/\/dittaweb.it\/wpdw\/#\/schema\/logo\/image\/"},"sameAs":["https:\/\/www.facebook.com\/Sargo-1607970546098800\/"]}]}},"_links":{"self":[{"href":"https:\/\/dittaweb.it\/wpdw\/index.php\/wp-json\/wp\/v2\/pages\/1149","targetHints":{"allow":["GET"]}}],"collection":[{"href":"https:\/\/dittaweb.it\/wpdw\/index.php\/wp-json\/wp\/v2\/pages"}],"about":[{"href":"https:\/\/dittaweb.it\/wpdw\/index.php\/wp-json\/wp\/v2\/types\/page"}],"author":[{"embeddable":true,"href":"https:\/\/dittaweb.it\/wpdw\/index.php\/wp-json\/wp\/v2\/users\/2"}],"replies":[{"embeddable":true,"href":"https:\/\/dittaweb.it\/wpdw\/index.php\/wp-json\/wp\/v2\/comments?post=1149"}],"version-history":[{"count":25,"href":"https:\/\/dittaweb.it\/wpdw\/index.php\/wp-json\/wp\/v2\/pages\/1149\/revisions"}],"predecessor-version":[{"id":1621,"href":"https:\/\/dittaweb.it\/wpdw\/index.php\/wp-json\/wp\/v2\/pages\/1149\/revisions\/1621"}],"wp:attachment":[{"href":"https:\/\/dittaweb.it\/wpdw\/index.php\/wp-json\/wp\/v2\/media?parent=1149"}],"curies":[{"name":"wp","href":"https:\/\/api.w.org\/{rel}","templated":true}]}}